{"id":1312,"date":"2016-03-24T22:04:58","date_gmt":"2016-03-24T21:04:58","guid":{"rendered":"https:\/\/www.agit-theatre.org\/archives\/?page_id=1312"},"modified":"2016-04-04T20:37:24","modified_gmt":"2016-04-04T20:37:24","slug":"archives-devenements","status":"publish","type":"page","link":"https:\/\/www.agit-theatre.org\/archives\/?page_id=1312","title":{"rendered":"Archives d&rsquo;\u00e9v\u00e9nements"},"content":{"rendered":"<ul class=\"lagit-evenements-liste\"><\/ul>\n","protected":false},"excerpt":{"rendered":"","protected":false},"author":2,"featured_media":0,"parent":0,"menu_order":0,"comment_status":"closed","ping_status":"closed","template":"","meta":[],"acf":[],"yoast_head":"<!-- This site is optimized with the Yoast SEO plugin v19.14 - https:\/\/yoast.com\/wordpress\/plugins\/seo\/ -->\n<title>Archives d&#039;\u00e9v\u00e9nements - L&#039;agit<\/title>\n<meta name=\"robots\" content=\"index, follow, max-snippet:-1, max-image-preview:large, max-video-preview:-1\" \/>\n<link rel=\"canonical\" href=\"https:\/\/www.agit-theatre.org\/archives\/?page_id=1312\" \/>\n<meta property=\"og:locale\" content=\"fr_FR\" \/>\n<meta property=\"og:type\" content=\"article\" \/>\n<meta property=\"og:title\" content=\"Archives d&#039;\u00e9v\u00e9nements - L&#039;agit\" \/>\n<meta property=\"og:url\" content=\"https:\/\/www.agit-theatre.org\/archives\/?page_id=1312\" \/>\n<meta property=\"og:site_name\" content=\"L&#039;agit\" \/>\n<meta property=\"article:modified_time\" content=\"2016-04-04T20:37:24+00:00\" \/>\n<meta name=\"twitter:card\" content=\"summary_large_image\" \/>\n<script type=\"application\/ld+json\" class=\"yoast-schema-graph\">{\"@context\":\"https:\/\/schema.org\",\"@graph\":[{\"@type\":\"WebPage\",\"@id\":\"https:\/\/www.agit-theatre.org\/archives\/?page_id=1312\",\"url\":\"https:\/\/www.agit-theatre.org\/archives\/?page_id=1312\",\"name\":\"Archives d'\u00e9v\u00e9nements - L&#039;agit\",\"isPartOf\":{\"@id\":\"https:\/\/www.agit-theatre.org\/archives\/#website\"},\"datePublished\":\"2016-03-24T21:04:58+00:00\",\"dateModified\":\"2016-04-04T20:37:24+00:00\",\"breadcrumb\":{\"@id\":\"https:\/\/www.agit-theatre.org\/archives\/?page_id=1312#breadcrumb\"},\"inLanguage\":\"fr-FR\",\"potentialAction\":[{\"@type\":\"ReadAction\",\"target\":[\"https:\/\/www.agit-theatre.org\/archives\/?page_id=1312\"]}]},{\"@type\":\"BreadcrumbList\",\"@id\":\"https:\/\/www.agit-theatre.org\/archives\/?page_id=1312#breadcrumb\",\"itemListElement\":[{\"@type\":\"ListItem\",\"position\":1,\"name\":\"Accueil\",\"item\":\"https:\/\/www.agit-theatre.org\/archives\/\"},{\"@type\":\"ListItem\",\"position\":2,\"name\":\"Archives d&rsquo;\u00e9v\u00e9nements\"}]},{\"@type\":\"WebSite\",\"@id\":\"https:\/\/www.agit-theatre.org\/archives\/#website\",\"url\":\"https:\/\/www.agit-theatre.org\/archives\/\",\"name\":\"L&#039;agit\",\"description\":\"Compagnie de th\u00e9\u00e2tre itin\u00e9rant\",\"publisher\":{\"@id\":\"https:\/\/www.agit-theatre.org\/archives\/#organization\"},\"potentialAction\":[{\"@type\":\"SearchAction\",\"target\":{\"@type\":\"EntryPoint\",\"urlTemplate\":\"https:\/\/www.agit-theatre.org\/archives\/?s={search_term_string}\"},\"query-input\":\"required name=search_term_string\"}],\"inLanguage\":\"fr-FR\"},{\"@type\":\"Organization\",\"@id\":\"https:\/\/www.agit-theatre.org\/archives\/#organization\",\"name\":\"L&#039;agit\",\"url\":\"https:\/\/www.agit-theatre.org\/archives\/\",\"logo\":{\"@type\":\"ImageObject\",\"inLanguage\":\"fr-FR\",\"@id\":\"https:\/\/www.agit-theatre.org\/archives\/#\/schema\/logo\/image\/\",\"url\":\"https:\/\/www.agit-theatre.org\/archives\/wp-content\/uploads\/archives\/archives\/2022\/02\/cropped-logo-AGIT-leger-copie.jpg\",\"contentUrl\":\"https:\/\/www.agit-theatre.org\/archives\/wp-content\/uploads\/archives\/archives\/2022\/02\/cropped-logo-AGIT-leger-copie.jpg\",\"caption\":\"L&#039;agit\"},\"image\":{\"@id\":\"https:\/\/www.agit-theatre.org\/archives\/#\/schema\/logo\/image\/\"}}]}<\/script>\n<!-- \/ Yoast SEO plugin. -->","yoast_head_json":{"title":"Archives d'\u00e9v\u00e9nements - L&#039;agit","robots":{"index":"index","follow":"follow","max-snippet":"max-snippet:-1","max-image-preview":"max-image-preview:large","max-video-preview":"max-video-preview:-1"},"canonical":"https:\/\/www.agit-theatre.org\/archives\/?page_id=1312","og_locale":"fr_FR","og_type":"article","og_title":"Archives d'\u00e9v\u00e9nements - L&#039;agit","og_url":"https:\/\/www.agit-theatre.org\/archives\/?page_id=1312","og_site_name":"L&#039;agit","article_modified_time":"2016-04-04T20:37:24+00:00","twitter_card":"summary_large_image","schema":{"@context":"https:\/\/schema.org","@graph":[{"@type":"WebPage","@id":"https:\/\/www.agit-theatre.org\/archives\/?page_id=1312","url":"https:\/\/www.agit-theatre.org\/archives\/?page_id=1312","name":"Archives d'\u00e9v\u00e9nements - L&#039;agit","isPartOf":{"@id":"https:\/\/www.agit-theatre.org\/archives\/#website"},"datePublished":"2016-03-24T21:04:58+00:00","dateModified":"2016-04-04T20:37:24+00:00","breadcrumb":{"@id":"https:\/\/www.agit-theatre.org\/archives\/?page_id=1312#breadcrumb"},"inLanguage":"fr-FR","potentialAction":[{"@type":"ReadAction","target":["https:\/\/www.agit-theatre.org\/archives\/?page_id=1312"]}]},{"@type":"BreadcrumbList","@id":"https:\/\/www.agit-theatre.org\/archives\/?page_id=1312#breadcrumb","itemListElement":[{"@type":"ListItem","position":1,"name":"Accueil","item":"https:\/\/www.agit-theatre.org\/archives\/"},{"@type":"ListItem","position":2,"name":"Archives d&rsquo;\u00e9v\u00e9nements"}]},{"@type":"WebSite","@id":"https:\/\/www.agit-theatre.org\/archives\/#website","url":"https:\/\/www.agit-theatre.org\/archives\/","name":"L&#039;agit","description":"Compagnie de th\u00e9\u00e2tre itin\u00e9rant","publisher":{"@id":"https:\/\/www.agit-theatre.org\/archives\/#organization"},"potentialAction":[{"@type":"SearchAction","target":{"@type":"EntryPoint","urlTemplate":"https:\/\/www.agit-theatre.org\/archives\/?s={search_term_string}"},"query-input":"required name=search_term_string"}],"inLanguage":"fr-FR"},{"@type":"Organization","@id":"https:\/\/www.agit-theatre.org\/archives\/#organization","name":"L&#039;agit","url":"https:\/\/www.agit-theatre.org\/archives\/","logo":{"@type":"ImageObject","inLanguage":"fr-FR","@id":"https:\/\/www.agit-theatre.org\/archives\/#\/schema\/logo\/image\/","url":"https:\/\/www.agit-theatre.org\/archives\/wp-content\/uploads\/archives\/archives\/2022\/02\/cropped-logo-AGIT-leger-copie.jpg","contentUrl":"https:\/\/www.agit-theatre.org\/archives\/wp-content\/uploads\/archives\/archives\/2022\/02\/cropped-logo-AGIT-leger-copie.jpg","caption":"L&#039;agit"},"image":{"@id":"https:\/\/www.agit-theatre.org\/archives\/#\/schema\/logo\/image\/"}}]}},"_links":{"self":[{"href":"https:\/\/www.agit-theatre.org\/archives\/index.php?rest_route=\/wp\/v2\/pages\/1312"}],"collection":[{"href":"https:\/\/www.agit-theatre.org\/archives\/index.php?rest_route=\/wp\/v2\/pages"}],"about":[{"href":"https:\/\/www.agit-theatre.org\/archives\/index.php?rest_route=\/wp\/v2\/types\/page"}],"author":[{"embeddable":true,"href":"https:\/\/www.agit-theatre.org\/archives\/index.php?rest_route=\/wp\/v2\/users\/2"}],"replies":[{"embeddable":true,"href":"https:\/\/www.agit-theatre.org\/archives\/index.php?rest_route=%2Fwp%2Fv2%2Fcomments&post=1312"}],"version-history":[{"count":2,"href":"https:\/\/www.agit-theatre.org\/archives\/index.php?rest_route=\/wp\/v2\/pages\/1312\/revisions"}],"predecessor-version":[{"id":1486,"href":"https:\/\/www.agit-theatre.org\/archives\/index.php?rest_route=\/wp\/v2\/pages\/1312\/revisions\/1486"}],"wp:attachment":[{"href":"https:\/\/www.agit-theatre.org\/archives\/index.php?rest_route=%2Fwp%2Fv2%2Fmedia&parent=1312"}],"curies":[{"name":"wp","href":"https:\/\/api.w.org\/{rel}","templated":true}]}}